{"id":74,"date":"2018-10-04T19:24:24","date_gmt":"2018-10-04T17:24:24","guid":{"rendered":"https:\/\/cevales-schmerztherapie.de\/?page_id=74"},"modified":"2018-12-07T18:48:21","modified_gmt":"2018-12-07T17:48:21","slug":"html-sitemap","status":"publish","type":"page","link":"https:\/\/cevales-schmerztherapie.de\/en\/html-sitemap\/","title":{"rendered":"HTML-Sitemap"},"content":{"rendered":"\n[et_pb_section bb_built=&#8220;1&#8243;][et_pb_row][et_pb_column type=&#8220;4_4&#8243;][et_pb_text _builder_version=&#8220;3.16&#8243;]\r\n\r\n<h1>HTML-Sitemap<\/h1>\r\n<h2>Beitr\u00e4ge<\/h2><ul><\/ul><h2>Seiten<\/h2><ul><li><a title=\"Team\" href=\"https:\/\/cevales-schmerztherapie.de\/en\/team\/\">Team<\/a><\/li><li><a title=\"HTML-Sitemap\" href=\"https:\/\/cevales-schmerztherapie.de\/en\/html-sitemap\/\">HTML-Sitemap<\/a><\/li><li><a title=\"Picture credits\" href=\"https:\/\/cevales-schmerztherapie.de\/en\/picture-credits\/\">Picture credits<\/a><\/li><li><a title=\"Privacy policy\" href=\"https:\/\/cevales-schmerztherapie.de\/en\/privacy-policy\/\">Privacy policy<\/a><\/li><li><a title=\"Imprint\" href=\"https:\/\/cevales-schmerztherapie.de\/en\/imprint\/\">Imprint<\/a><\/li><li><a title=\"Surgery\" href=\"https:\/\/cevales-schmerztherapie.de\/en\/surgery\/\">Surgery<\/a><\/li><li><a title=\"Doctor\" href=\"https:\/\/cevales-schmerztherapie.de\/en\/doctor\/\">Doctor<\/a><\/li><li><a title=\"Services\" href=\"https:\/\/cevales-schmerztherapie.de\/en\/services\/\">Services<\/a><\/li><li><a title=\"Home\" href=\"https:\/\/cevales-schmerztherapie.de\/en\/\">Home<\/a><\/li><\/ul>\r\n\r\n[\/et_pb_text][\/et_pb_column][\/et_pb_row][\/et_pb_section]\n","protected":false},"excerpt":{"rendered":"<p><div class=\"et_pb_row et_pb_row_0 et_pb_row_empty\">\n\t\t\t\t\n\t\t\t\t\n\t\t\t\t\n\t\t\t\t\n\t\t\t\t\n\t\t\t<\/div> HTML-Sitemap <h2>Beitr\u00e4ge<\/h2><ul><\/ul><h2>Seiten<\/h2><ul><li><a title=\"Team\" href=\"https:\/\/cevales-schmerztherapie.de\/en\/team\/\">Team<\/a><\/li><li><a title=\"HTML-Sitemap\" href=\"https:\/\/cevales-schmerztherapie.de\/en\/html-sitemap\/\">HTML-Sitemap<\/a><\/li><li><a title=\"Picture credits\" href=\"https:\/\/cevales-schmerztherapie.de\/en\/picture-credits\/\">Picture credits<\/a><\/li><li><a title=\"Privacy policy\" href=\"https:\/\/cevales-schmerztherapie.de\/en\/privacy-policy\/\">Privacy policy<\/a><\/li><li><a title=\"Imprint\" href=\"https:\/\/cevales-schmerztherapie.de\/en\/imprint\/\">Imprint<\/a><\/li><li><a title=\"Surgery\" href=\"https:\/\/cevales-schmerztherapie.de\/en\/surgery\/\">Surgery<\/a><\/li><li><a title=\"Doctor\" href=\"https:\/\/cevales-schmerztherapie.de\/en\/doctor\/\">Doctor<\/a><\/li><li><a title=\"Services\" href=\"https:\/\/cevales-schmerztherapie.de\/en\/services\/\">Services<\/a><\/li><li><a title=\"Home\" href=\"https:\/\/cevales-schmerztherapie.de\/en\/\">Home<\/a><\/li><\/ul><\/p>\n","protected":false},"author":2,"featured_media":0,"parent":0,"menu_order":0,"comment_status":"closed","ping_status":"closed","template":"","meta":{"_et_pb_use_builder":"on","_et_pb_old_content":"","_et_gb_content_width":"","editor_notices":[],"footnotes":""},"class_list":["post-74","page","type-page","status-publish"],"yoast_head":"<!-- This site is optimized with the Yoast SEO plugin v26.9 - https:\/\/yoast.com\/product\/yoast-seo-wordpress\/ -->\n<title>HTML-Sitemap - Pain therapy Cevales - Dott. med. R\u00fcdiger Cevales<\/title>\n<meta name=\"description\" content=\"Hier finden Sie eine Auslistung aller,auf der Homepage von Dott. med R\u00fcdiger Cevales zu findenden Seiten und Eintr\u00e4ge.\" \/>\n<meta name=\"robots\" content=\"index, follow, max-snippet:-1, max-image-preview:large, max-video-preview:-1\" \/>\n<link rel=\"canonical\" href=\"https:\/\/cevales-schmerztherapie.de\/en\/html-sitemap\/\" \/>\n<meta property=\"og:locale\" content=\"de_DE\" \/>\n<meta property=\"og:type\" content=\"article\" \/>\n<meta property=\"og:title\" content=\"HTML-Sitemap - Pain therapy Cevales - Dott. med. R\u00fcdiger Cevales\" \/>\n<meta property=\"og:description\" content=\"Hier finden Sie eine Auslistung aller,auf der Homepage von Dott. med R\u00fcdiger Cevales zu findenden Seiten und Eintr\u00e4ge.\" \/>\n<meta property=\"og:url\" content=\"https:\/\/cevales-schmerztherapie.de\/en\/html-sitemap\/\" \/>\n<meta property=\"og:site_name\" content=\"Pain therapy Cevales\" \/>\n<meta property=\"article:publisher\" content=\"https:\/\/www.facebook.com\/dottrudiger.cevales\" \/>\n<meta property=\"article:modified_time\" content=\"2018-12-07T17:48:21+00:00\" \/>\n<meta property=\"og:image\" content=\"https:\/\/cevales-schmerztherapie.de\/en\/wp-content\/uploads\/sites\/2\/website_icon.jpg\" \/>\n\t<meta property=\"og:image:width\" content=\"512\" \/>\n\t<meta property=\"og:image:height\" content=\"512\" \/>\n\t<meta property=\"og:image:type\" content=\"image\/jpeg\" \/>\n<meta name=\"twitter:card\" content=\"summary_large_image\" \/>\n<meta name=\"twitter:site\" content=\"@Dott_Cevales\" \/>\n<script type=\"application\/ld+json\" class=\"yoast-schema-graph\">{\"@context\":\"https:\/\/schema.org\",\"@graph\":[{\"@type\":\"WebPage\",\"@id\":\"https:\/\/cevales-schmerztherapie.de\/en\/html-sitemap\/\",\"url\":\"https:\/\/cevales-schmerztherapie.de\/en\/html-sitemap\/\",\"name\":\"HTML-Sitemap - Pain therapy Cevales - Dott. med. R\u00fcdiger Cevales\",\"isPartOf\":{\"@id\":\"https:\/\/cevales-schmerztherapie.de\/en\/#website\"},\"datePublished\":\"2018-10-04T17:24:24+00:00\",\"dateModified\":\"2018-12-07T17:48:21+00:00\",\"description\":\"Hier finden Sie eine Auslistung aller,auf der Homepage von Dott. med R\u00fcdiger Cevales zu findenden Seiten und Eintr\u00e4ge.\",\"breadcrumb\":{\"@id\":\"https:\/\/cevales-schmerztherapie.de\/en\/html-sitemap\/#breadcrumb\"},\"inLanguage\":\"de\",\"potentialAction\":[{\"@type\":\"ReadAction\",\"target\":[\"https:\/\/cevales-schmerztherapie.de\/en\/html-sitemap\/\"]}]},{\"@type\":\"BreadcrumbList\",\"@id\":\"https:\/\/cevales-schmerztherapie.de\/en\/html-sitemap\/#breadcrumb\",\"itemListElement\":[{\"@type\":\"ListItem\",\"position\":1,\"name\":\"Startseite\",\"item\":\"https:\/\/cevales-schmerztherapie.de\/en\/\"},{\"@type\":\"ListItem\",\"position\":2,\"name\":\"HTML-Sitemap\"}]},{\"@type\":\"WebSite\",\"@id\":\"https:\/\/cevales-schmerztherapie.de\/en\/#website\",\"url\":\"https:\/\/cevales-schmerztherapie.de\/en\/\",\"name\":\"Pain therapy Cevales\",\"description\":\"Dott. med. R\u00fcdiger Cevales\",\"publisher\":{\"@id\":\"https:\/\/cevales-schmerztherapie.de\/en\/#organization\"},\"potentialAction\":[{\"@type\":\"SearchAction\",\"target\":{\"@type\":\"EntryPoint\",\"urlTemplate\":\"https:\/\/cevales-schmerztherapie.de\/en\/?s={search_term_string}\"},\"query-input\":{\"@type\":\"PropertyValueSpecification\",\"valueRequired\":true,\"valueName\":\"search_term_string\"}}],\"inLanguage\":\"de\"},{\"@type\":\"Organization\",\"@id\":\"https:\/\/cevales-schmerztherapie.de\/en\/#organization\",\"name\":\"Praxis Dott. med. R\u00fcdiger Cevales\",\"url\":\"https:\/\/cevales-schmerztherapie.de\/en\/\",\"logo\":{\"@type\":\"ImageObject\",\"inLanguage\":\"de\",\"@id\":\"https:\/\/cevales-schmerztherapie.de\/en\/#\/schema\/logo\/image\/\",\"url\":\"https:\/\/cevales-schmerztherapie.de\/en\/wp-content\/uploads\/sites\/2\/website_icon.jpg\",\"contentUrl\":\"https:\/\/cevales-schmerztherapie.de\/en\/wp-content\/uploads\/sites\/2\/website_icon.jpg\",\"width\":512,\"height\":512,\"caption\":\"Praxis Dott. med. R\u00fcdiger Cevales\"},\"image\":{\"@id\":\"https:\/\/cevales-schmerztherapie.de\/en\/#\/schema\/logo\/image\/\"},\"sameAs\":[\"https:\/\/www.facebook.com\/dottrudiger.cevales\",\"https:\/\/x.com\/Dott_Cevales\",\"https:\/\/www.linkedin.com\/company\/facharztpraxis-f\u00fcr-physikalische-und-rehabilitative-medizin-&amp;amp;-schmerztherapeutische-einrichtung\/\",\"https:\/\/www.youtube.com\/channel\/UCSJFxHHDt7ahbavD-BT5d5w\"]}]}<\/script>\n<!-- \/ Yoast SEO plugin. -->","yoast_head_json":{"title":"HTML-Sitemap - Pain therapy Cevales - Dott. med. R\u00fcdiger Cevales","description":"Hier finden Sie eine Auslistung aller,auf der Homepage von Dott. med R\u00fcdiger Cevales zu findenden Seiten und Eintr\u00e4ge.","robots":{"index":"index","follow":"follow","max-snippet":"max-snippet:-1","max-image-preview":"max-image-preview:large","max-video-preview":"max-video-preview:-1"},"canonical":"https:\/\/cevales-schmerztherapie.de\/en\/html-sitemap\/","og_locale":"de_DE","og_type":"article","og_title":"HTML-Sitemap - Pain therapy Cevales - Dott. med. R\u00fcdiger Cevales","og_description":"Hier finden Sie eine Auslistung aller,auf der Homepage von Dott. med R\u00fcdiger Cevales zu findenden Seiten und Eintr\u00e4ge.","og_url":"https:\/\/cevales-schmerztherapie.de\/en\/html-sitemap\/","og_site_name":"Pain therapy Cevales","article_publisher":"https:\/\/www.facebook.com\/dottrudiger.cevales","article_modified_time":"2018-12-07T17:48:21+00:00","og_image":[{"width":512,"height":512,"url":"https:\/\/cevales-schmerztherapie.de\/en\/wp-content\/uploads\/sites\/2\/website_icon.jpg","type":"image\/jpeg"}],"twitter_card":"summary_large_image","twitter_site":"@Dott_Cevales","schema":{"@context":"https:\/\/schema.org","@graph":[{"@type":"WebPage","@id":"https:\/\/cevales-schmerztherapie.de\/en\/html-sitemap\/","url":"https:\/\/cevales-schmerztherapie.de\/en\/html-sitemap\/","name":"HTML-Sitemap - Pain therapy Cevales - Dott. med. R\u00fcdiger Cevales","isPartOf":{"@id":"https:\/\/cevales-schmerztherapie.de\/en\/#website"},"datePublished":"2018-10-04T17:24:24+00:00","dateModified":"2018-12-07T17:48:21+00:00","description":"Hier finden Sie eine Auslistung aller,auf der Homepage von Dott. med R\u00fcdiger Cevales zu findenden Seiten und Eintr\u00e4ge.","breadcrumb":{"@id":"https:\/\/cevales-schmerztherapie.de\/en\/html-sitemap\/#breadcrumb"},"inLanguage":"de","potentialAction":[{"@type":"ReadAction","target":["https:\/\/cevales-schmerztherapie.de\/en\/html-sitemap\/"]}]},{"@type":"BreadcrumbList","@id":"https:\/\/cevales-schmerztherapie.de\/en\/html-sitemap\/#breadcrumb","itemListElement":[{"@type":"ListItem","position":1,"name":"Startseite","item":"https:\/\/cevales-schmerztherapie.de\/en\/"},{"@type":"ListItem","position":2,"name":"HTML-Sitemap"}]},{"@type":"WebSite","@id":"https:\/\/cevales-schmerztherapie.de\/en\/#website","url":"https:\/\/cevales-schmerztherapie.de\/en\/","name":"Pain therapy Cevales","description":"Dott. med. R\u00fcdiger Cevales","publisher":{"@id":"https:\/\/cevales-schmerztherapie.de\/en\/#organization"},"potentialAction":[{"@type":"SearchAction","target":{"@type":"EntryPoint","urlTemplate":"https:\/\/cevales-schmerztherapie.de\/en\/?s={search_term_string}"},"query-input":{"@type":"PropertyValueSpecification","valueRequired":true,"valueName":"search_term_string"}}],"inLanguage":"de"},{"@type":"Organization","@id":"https:\/\/cevales-schmerztherapie.de\/en\/#organization","name":"Praxis Dott. med. R\u00fcdiger Cevales","url":"https:\/\/cevales-schmerztherapie.de\/en\/","logo":{"@type":"ImageObject","inLanguage":"de","@id":"https:\/\/cevales-schmerztherapie.de\/en\/#\/schema\/logo\/image\/","url":"https:\/\/cevales-schmerztherapie.de\/en\/wp-content\/uploads\/sites\/2\/website_icon.jpg","contentUrl":"https:\/\/cevales-schmerztherapie.de\/en\/wp-content\/uploads\/sites\/2\/website_icon.jpg","width":512,"height":512,"caption":"Praxis Dott. med. R\u00fcdiger Cevales"},"image":{"@id":"https:\/\/cevales-schmerztherapie.de\/en\/#\/schema\/logo\/image\/"},"sameAs":["https:\/\/www.facebook.com\/dottrudiger.cevales","https:\/\/x.com\/Dott_Cevales","https:\/\/www.linkedin.com\/company\/facharztpraxis-f\u00fcr-physikalische-und-rehabilitative-medizin-&amp;amp;-schmerztherapeutische-einrichtung\/","https:\/\/www.youtube.com\/channel\/UCSJFxHHDt7ahbavD-BT5d5w"]}]}},"_links":{"self":[{"href":"https:\/\/cevales-schmerztherapie.de\/en\/wp-json\/wp\/v2\/pages\/74","targetHints":{"allow":["GET"]}}],"collection":[{"href":"https:\/\/cevales-schmerztherapie.de\/en\/wp-json\/wp\/v2\/pages"}],"about":[{"href":"https:\/\/cevales-schmerztherapie.de\/en\/wp-json\/wp\/v2\/types\/page"}],"author":[{"embeddable":true,"href":"https:\/\/cevales-schmerztherapie.de\/en\/wp-json\/wp\/v2\/users\/2"}],"replies":[{"embeddable":true,"href":"https:\/\/cevales-schmerztherapie.de\/en\/wp-json\/wp\/v2\/comments?post=74"}],"version-history":[{"count":0,"href":"https:\/\/cevales-schmerztherapie.de\/en\/wp-json\/wp\/v2\/pages\/74\/revisions"}],"wp:attachment":[{"href":"https:\/\/cevales-schmerztherapie.de\/en\/wp-json\/wp\/v2\/media?parent=74"}],"curies":[{"name":"wp","href":"https:\/\/api.w.org\/{rel}","templated":true}]}}