{"id":68,"date":"2018-10-04T19:22:28","date_gmt":"2018-10-04T17:22:28","guid":{"rendered":"https:\/\/cevales-schmerztherapie.de\/?page_id=68"},"modified":"2025-05-17T00:29:10","modified_gmt":"2025-05-16T22:29:10","slug":"imprint","status":"publish","type":"page","link":"https:\/\/cevales-schmerztherapie.de\/en\/imprint\/","title":{"rendered":"Imprint"},"content":{"rendered":"<p>[et_pb_section fb_built=&#8220;1&#8243; _builder_version=&#8220;4.16&#8243; global_colors_info=&#8220;{}&#8220;][et_pb_row _builder_version=&#8220;4.16&#8243; background_size=&#8220;initial&#8220; background_position=&#8220;top_left&#8220; background_repeat=&#8220;repeat&#8220; global_colors_info=&#8220;{}&#8220;][et_pb_column type=&#8220;4_4&#8243; _builder_version=&#8220;4.16&#8243; custom_padding=&#8220;|||&#8220; global_colors_info=&#8220;{}&#8220; custom_padding__hover=&#8220;|||&#8220;][et_pb_text _builder_version=&#8220;4.16&#8243; global_colors_info=&#8220;{}&#8220;]<\/p>\n<h1>Site Notice<\/h1>\n<h2>Information pursuant to \u00a7 5 TMG<\/h2>\n<p>R\u00fcdiger Enrico Cevales<\/p>\n<p>Facharztpraxis f\u00fcr Physikalische und Rehabilitative Medizin und Schmerztherapeutische Einrichtung<\/p>\n<p>Dr.-Emil-Brichta-Stra\u00dfe 9<\/p>\n<p>94036 Passau<\/p>\n<h2>Contact<\/h2>\n<p>Phone: +49 851 8519696<\/p>\n<p>Telefax: +49 851 4902549<\/p>\n<p>E-mail: <a title=\"Jetzt kontaktieren\" href=\"mailto:info@cevales-schmerztherapie.de\">info@cevales-schmerztherapie.de<\/a><\/p>\n<h2>Supervisory authority<\/h2>\n<p>Kassen\u00e4rztliche Vereinigung Bayerns<\/p>\n<p>Bezirksstelle Niederbayern<\/p>\n<p>Lilienstra\u00dfe 5-9<\/p>\n<p>94315 Straubing<\/p>\n<p>Deutschland<\/p>\n<p><a href=\"https:\/\/www.kvb.de\/\" target=\"_blank\" rel=\"noopener noreferrer\">https:\/\/www.kvb.de\/<\/a><\/p>\n<h2>Job title and professional regulations<\/h2>\n<p>Job title: Medical practitioners<\/p>\n<p>Competent chamber: Bayerische Landes\u00e4rztekammer (BL\u00c4K)<\/p>\n<p>Authorisation granted by: Italien und Deutschland<\/p>\n<p>The following professional regulations apply: Berufsordnung f\u00fcr die \u00c4rzte Bayerns<\/p>\n<p>Regulations available at: <a href=\"https:\/\/www.blaek.de\/pdf_rechtliches\/haupt\/BO%2076.%20Bay%20AT%20final%20%2021122017_1.pdf\" target=\"_blank\" rel=\"noopener noreferrer\">https:\/\/www.blaek.de\/pdf_rechtliches\/haupt\/BO%2076.%20Bay%20AT%20final%20%2021122017_1.pdf<\/a><\/p>\n<h2>Information regarding professional liability insurance<\/h2>\n<p><strong>Name and registered office of the insurer:<\/strong><\/p>\n<p>Versicherungskammer Bayern<\/p>\n<p>Maximilianstra\u00dfe 53<\/p>\n<p>80530 M\u00fcnchen<\/p>\n<p>Deutschland<\/p>\n<p><strong>Scope of insurance:<\/strong><br \/>Deutschland<\/p>\n<h2>Responsible for the content according to \u00a7 55(2) RStV<\/h2>\n<p>R\u00fcdiger Enrico Cevales<\/p>\n<p>Dr.-Emil-Brichta-Stra\u00dfe 9<\/p>\n<p>94036 Passau<\/p>\n<p>Deutschland<\/p>\n<h2>EU dispute resolution<\/h2>\n<p>The European Commission provides a platform for online dispute resolution (ODR): <a href=\"https:\/\/ec.europa.eu\/consumers\/odr\" target=\"_blank\" rel=\"noopener noreferrer\">https:\/\/ec.europa.eu\/consumers\/odr<\/a>.<br \/>Our e-mail address can be found above in the site notice.<\/p>\n<p>We are not willing or obliged to participate in dispute resolution proceedings before a consumer arbitration board.<\/p>\n<h3>Liability for Contents<\/h3>\n<p>As service providers, we are liable for own contents of these websites according to Paragraph 7, Sect. 1 German Telemedia Act (TMG). However, according to Paragraphs 8 to 10 German Telemedia Act (TMG), service providers are not obligated to permanently monitor submitted or stored information or to search for evidences that indicate illegal activities.<\/p>\n<p>Legal obligations to removing information or to blocking the use of information remain unchallenged. In this case, liability is only possible at the time of knowledge about a specific violation of law. Illegal contents will be removed immediately at the time we get knowledge of them.<\/p>\n<h3>Liability for Links<\/h3>\n<p>Our offer includes links to external third party websites. We have no influence on the contents of those websites, therefore we cannot guarantee for those contents. Providers or administrators of linked websites are always responsible for their own contents.<\/p>\n<p>The linked websites had been checked for possible violations of law at the time of the establishment of the link. Illegal contents were not detected at the time of the linking. A permanent monitoring of the contents of linked websites cannot be imposed without reasonable indications that there has been a violation of law. Illegal links will be removed immediately at the time we get knowledge of them.<\/p>\n<h3>Copyright<\/h3>\n<p>Contents and compilations published on these websites by the providers are subject to German copyright laws. Reproduction, editing, distribution as well as the use of any kind outside the scope of the copyright law require a written permission of the author or originator. Downloads and copies of these websites are permitted for private use only.<br \/>The commercial use of our contents without permission of the originator is prohibited.<\/p>\n<p>Copyright laws of third parties are respected as long as the contents on these websites do not originate from the provider. Contributions of third parties on this site are indicated as such. However, if you notice any violations of copyright law, please inform us. Such contents will be removed immediately.<\/p>\n<p>[\/et_pb_text][\/et_pb_column][\/et_pb_row][\/et_pb_section]<\/p>\n","protected":false},"excerpt":{"rendered":"<p>Site Notice Information pursuant to \u00a7 5 TMG R\u00fcdiger Enrico CevalesFacharztpraxis f\u00fcr Physikalische und Rehabilitative Medizin und Schmerztherapeutische EinrichtungDr.-Emil-Brichta-Stra\u00dfe 994036 Passau Contact Phone: +49 851 8519696Telefax: +49 851 4902549E-mail: info@cevales-schmerztherapie.de Supervisory authority Kassen\u00e4rztliche Vereinigung BayernsBezirksstelle NiederbayernLilienstra\u00dfe 5-994315 StraubingDeutschland https:\/\/www.kvb.de\/ Job title and professional regulations Job title: Medical practitionersCompetent chamber: Bayerische Landes\u00e4rztekammer (BL\u00c4K)Authorisation granted by: Italien [&hellip;]<\/p>\n","protected":false},"author":2,"featured_media":0,"parent":0,"menu_order":0,"comment_status":"closed","ping_status":"closed","template":"","meta":{"_et_pb_use_builder":"on","_et_pb_old_content":"","_et_gb_content_width":"","editor_notices":[],"footnotes":""},"class_list":["post-68","page","type-page","status-publish"],"yoast_head":"<!-- This site is optimized with the Yoast SEO plugin v26.9 - https:\/\/yoast.com\/product\/yoast-seo-wordpress\/ -->\n<title>Imprint - Pain therapy Cevales - Dott. med. R\u00fcdiger Cevales<\/title>\n<meta name=\"description\" content=\"Dott. med. R\u00fcdiger Enrico Cevales, Facharztpraxis f\u00fcr Physikalische und Rehabilitative Medizin und Schmerztherapeutische Einrichtung, 94036 Passau...\" \/>\n<meta name=\"robots\" content=\"index, follow, max-snippet:-1, max-image-preview:large, max-video-preview:-1\" \/>\n<link rel=\"canonical\" href=\"https:\/\/cevales-schmerztherapie.de\/en\/imprint\/\" \/>\n<meta property=\"og:locale\" content=\"de_DE\" \/>\n<meta property=\"og:type\" content=\"article\" \/>\n<meta property=\"og:title\" content=\"Imprint - Pain therapy Cevales - Dott. med. R\u00fcdiger Cevales\" \/>\n<meta property=\"og:description\" content=\"Dott. med. R\u00fcdiger Enrico Cevales, Facharztpraxis f\u00fcr Physikalische und Rehabilitative Medizin und Schmerztherapeutische Einrichtung, 94036 Passau...\" \/>\n<meta property=\"og:url\" content=\"https:\/\/cevales-schmerztherapie.de\/en\/imprint\/\" \/>\n<meta property=\"og:site_name\" content=\"Pain therapy Cevales\" \/>\n<meta property=\"article:publisher\" content=\"https:\/\/www.facebook.com\/dottrudiger.cevales\" \/>\n<meta property=\"article:modified_time\" content=\"2025-05-16T22:29:10+00:00\" \/>\n<meta property=\"og:image\" content=\"https:\/\/cevales-schmerztherapie.de\/en\/wp-content\/uploads\/sites\/2\/website_icon.jpg\" \/>\n\t<meta property=\"og:image:width\" content=\"512\" \/>\n\t<meta property=\"og:image:height\" content=\"512\" \/>\n\t<meta property=\"og:image:type\" content=\"image\/jpeg\" \/>\n<meta name=\"twitter:card\" content=\"summary_large_image\" \/>\n<meta name=\"twitter:site\" content=\"@Dott_Cevales\" \/>\n<meta name=\"twitter:label1\" content=\"Gesch\u00e4tzte Lesezeit\" \/>\n\t<meta name=\"twitter:data1\" content=\"3\u00a0Minuten\" \/>\n<script type=\"application\/ld+json\" class=\"yoast-schema-graph\">{\"@context\":\"https:\/\/schema.org\",\"@graph\":[{\"@type\":\"WebPage\",\"@id\":\"https:\/\/cevales-schmerztherapie.de\/en\/imprint\/\",\"url\":\"https:\/\/cevales-schmerztherapie.de\/en\/imprint\/\",\"name\":\"Imprint - Pain therapy Cevales - Dott. med. R\u00fcdiger Cevales\",\"isPartOf\":{\"@id\":\"https:\/\/cevales-schmerztherapie.de\/en\/#website\"},\"datePublished\":\"2018-10-04T17:22:28+00:00\",\"dateModified\":\"2025-05-16T22:29:10+00:00\",\"description\":\"Dott. med. R\u00fcdiger Enrico Cevales, Facharztpraxis f\u00fcr Physikalische und Rehabilitative Medizin und Schmerztherapeutische Einrichtung, 94036 Passau...\",\"breadcrumb\":{\"@id\":\"https:\/\/cevales-schmerztherapie.de\/en\/imprint\/#breadcrumb\"},\"inLanguage\":\"de\",\"potentialAction\":[{\"@type\":\"ReadAction\",\"target\":[\"https:\/\/cevales-schmerztherapie.de\/en\/imprint\/\"]}]},{\"@type\":\"BreadcrumbList\",\"@id\":\"https:\/\/cevales-schmerztherapie.de\/en\/imprint\/#breadcrumb\",\"itemListElement\":[{\"@type\":\"ListItem\",\"position\":1,\"name\":\"Startseite\",\"item\":\"https:\/\/cevales-schmerztherapie.de\/en\/\"},{\"@type\":\"ListItem\",\"position\":2,\"name\":\"Imprint\"}]},{\"@type\":\"WebSite\",\"@id\":\"https:\/\/cevales-schmerztherapie.de\/en\/#website\",\"url\":\"https:\/\/cevales-schmerztherapie.de\/en\/\",\"name\":\"Pain therapy Cevales\",\"description\":\"Dott. med. R\u00fcdiger Cevales\",\"publisher\":{\"@id\":\"https:\/\/cevales-schmerztherapie.de\/en\/#organization\"},\"potentialAction\":[{\"@type\":\"SearchAction\",\"target\":{\"@type\":\"EntryPoint\",\"urlTemplate\":\"https:\/\/cevales-schmerztherapie.de\/en\/?s={search_term_string}\"},\"query-input\":{\"@type\":\"PropertyValueSpecification\",\"valueRequired\":true,\"valueName\":\"search_term_string\"}}],\"inLanguage\":\"de\"},{\"@type\":\"Organization\",\"@id\":\"https:\/\/cevales-schmerztherapie.de\/en\/#organization\",\"name\":\"Praxis Dott. med. R\u00fcdiger Cevales\",\"url\":\"https:\/\/cevales-schmerztherapie.de\/en\/\",\"logo\":{\"@type\":\"ImageObject\",\"inLanguage\":\"de\",\"@id\":\"https:\/\/cevales-schmerztherapie.de\/en\/#\/schema\/logo\/image\/\",\"url\":\"https:\/\/cevales-schmerztherapie.de\/en\/wp-content\/uploads\/sites\/2\/website_icon.jpg\",\"contentUrl\":\"https:\/\/cevales-schmerztherapie.de\/en\/wp-content\/uploads\/sites\/2\/website_icon.jpg\",\"width\":512,\"height\":512,\"caption\":\"Praxis Dott. med. R\u00fcdiger Cevales\"},\"image\":{\"@id\":\"https:\/\/cevales-schmerztherapie.de\/en\/#\/schema\/logo\/image\/\"},\"sameAs\":[\"https:\/\/www.facebook.com\/dottrudiger.cevales\",\"https:\/\/x.com\/Dott_Cevales\",\"https:\/\/www.linkedin.com\/company\/facharztpraxis-f\u00fcr-physikalische-und-rehabilitative-medizin-&amp;amp;-schmerztherapeutische-einrichtung\/\",\"https:\/\/www.youtube.com\/channel\/UCSJFxHHDt7ahbavD-BT5d5w\"]}]}<\/script>\n<!-- \/ Yoast SEO plugin. -->","yoast_head_json":{"title":"Imprint - Pain therapy Cevales - Dott. med. R\u00fcdiger Cevales","description":"Dott. med. R\u00fcdiger Enrico Cevales, Facharztpraxis f\u00fcr Physikalische und Rehabilitative Medizin und Schmerztherapeutische Einrichtung, 94036 Passau...","robots":{"index":"index","follow":"follow","max-snippet":"max-snippet:-1","max-image-preview":"max-image-preview:large","max-video-preview":"max-video-preview:-1"},"canonical":"https:\/\/cevales-schmerztherapie.de\/en\/imprint\/","og_locale":"de_DE","og_type":"article","og_title":"Imprint - Pain therapy Cevales - Dott. med. R\u00fcdiger Cevales","og_description":"Dott. med. R\u00fcdiger Enrico Cevales, Facharztpraxis f\u00fcr Physikalische und Rehabilitative Medizin und Schmerztherapeutische Einrichtung, 94036 Passau...","og_url":"https:\/\/cevales-schmerztherapie.de\/en\/imprint\/","og_site_name":"Pain therapy Cevales","article_publisher":"https:\/\/www.facebook.com\/dottrudiger.cevales","article_modified_time":"2025-05-16T22:29:10+00:00","og_image":[{"width":512,"height":512,"url":"https:\/\/cevales-schmerztherapie.de\/en\/wp-content\/uploads\/sites\/2\/website_icon.jpg","type":"image\/jpeg"}],"twitter_card":"summary_large_image","twitter_site":"@Dott_Cevales","twitter_misc":{"Gesch\u00e4tzte Lesezeit":"3\u00a0Minuten"},"schema":{"@context":"https:\/\/schema.org","@graph":[{"@type":"WebPage","@id":"https:\/\/cevales-schmerztherapie.de\/en\/imprint\/","url":"https:\/\/cevales-schmerztherapie.de\/en\/imprint\/","name":"Imprint - Pain therapy Cevales - Dott. med. R\u00fcdiger Cevales","isPartOf":{"@id":"https:\/\/cevales-schmerztherapie.de\/en\/#website"},"datePublished":"2018-10-04T17:22:28+00:00","dateModified":"2025-05-16T22:29:10+00:00","description":"Dott. med. R\u00fcdiger Enrico Cevales, Facharztpraxis f\u00fcr Physikalische und Rehabilitative Medizin und Schmerztherapeutische Einrichtung, 94036 Passau...","breadcrumb":{"@id":"https:\/\/cevales-schmerztherapie.de\/en\/imprint\/#breadcrumb"},"inLanguage":"de","potentialAction":[{"@type":"ReadAction","target":["https:\/\/cevales-schmerztherapie.de\/en\/imprint\/"]}]},{"@type":"BreadcrumbList","@id":"https:\/\/cevales-schmerztherapie.de\/en\/imprint\/#breadcrumb","itemListElement":[{"@type":"ListItem","position":1,"name":"Startseite","item":"https:\/\/cevales-schmerztherapie.de\/en\/"},{"@type":"ListItem","position":2,"name":"Imprint"}]},{"@type":"WebSite","@id":"https:\/\/cevales-schmerztherapie.de\/en\/#website","url":"https:\/\/cevales-schmerztherapie.de\/en\/","name":"Pain therapy Cevales","description":"Dott. med. R\u00fcdiger Cevales","publisher":{"@id":"https:\/\/cevales-schmerztherapie.de\/en\/#organization"},"potentialAction":[{"@type":"SearchAction","target":{"@type":"EntryPoint","urlTemplate":"https:\/\/cevales-schmerztherapie.de\/en\/?s={search_term_string}"},"query-input":{"@type":"PropertyValueSpecification","valueRequired":true,"valueName":"search_term_string"}}],"inLanguage":"de"},{"@type":"Organization","@id":"https:\/\/cevales-schmerztherapie.de\/en\/#organization","name":"Praxis Dott. med. R\u00fcdiger Cevales","url":"https:\/\/cevales-schmerztherapie.de\/en\/","logo":{"@type":"ImageObject","inLanguage":"de","@id":"https:\/\/cevales-schmerztherapie.de\/en\/#\/schema\/logo\/image\/","url":"https:\/\/cevales-schmerztherapie.de\/en\/wp-content\/uploads\/sites\/2\/website_icon.jpg","contentUrl":"https:\/\/cevales-schmerztherapie.de\/en\/wp-content\/uploads\/sites\/2\/website_icon.jpg","width":512,"height":512,"caption":"Praxis Dott. med. R\u00fcdiger Cevales"},"image":{"@id":"https:\/\/cevales-schmerztherapie.de\/en\/#\/schema\/logo\/image\/"},"sameAs":["https:\/\/www.facebook.com\/dottrudiger.cevales","https:\/\/x.com\/Dott_Cevales","https:\/\/www.linkedin.com\/company\/facharztpraxis-f\u00fcr-physikalische-und-rehabilitative-medizin-&amp;amp;-schmerztherapeutische-einrichtung\/","https:\/\/www.youtube.com\/channel\/UCSJFxHHDt7ahbavD-BT5d5w"]}]}},"_links":{"self":[{"href":"https:\/\/cevales-schmerztherapie.de\/en\/wp-json\/wp\/v2\/pages\/68","targetHints":{"allow":["GET"]}}],"collection":[{"href":"https:\/\/cevales-schmerztherapie.de\/en\/wp-json\/wp\/v2\/pages"}],"about":[{"href":"https:\/\/cevales-schmerztherapie.de\/en\/wp-json\/wp\/v2\/types\/page"}],"author":[{"embeddable":true,"href":"https:\/\/cevales-schmerztherapie.de\/en\/wp-json\/wp\/v2\/users\/2"}],"replies":[{"embeddable":true,"href":"https:\/\/cevales-schmerztherapie.de\/en\/wp-json\/wp\/v2\/comments?post=68"}],"version-history":[{"count":4,"href":"https:\/\/cevales-schmerztherapie.de\/en\/wp-json\/wp\/v2\/pages\/68\/revisions"}],"predecessor-version":[{"id":1693,"href":"https:\/\/cevales-schmerztherapie.de\/en\/wp-json\/wp\/v2\/pages\/68\/revisions\/1693"}],"wp:attachment":[{"href":"https:\/\/cevales-schmerztherapie.de\/en\/wp-json\/wp\/v2\/media?parent=68"}],"curies":[{"name":"wp","href":"https:\/\/api.w.org\/{rel}","templated":true}]}}